{"id":7100,"date":"2026-01-28T11:28:47","date_gmt":"2026-01-28T11:28:47","guid":{"rendered":"https:\/\/datavera.tedmob.com\/request-a-demo\/"},"modified":"2026-04-07T14:26:07","modified_gmt":"2026-04-07T14:26:07","slug":"request-a-demo","status":"publish","type":"page","link":"https:\/\/datavera.tedmob.com\/fr\/request-a-demo\/","title":{"rendered":"Request a Demo"},"content":{"rendered":"<div class=\"wpb-content-wrapper\"><p>[vc_row content_placement=\u00a0\u00bbmiddle\u00a0\u00bb css_animation=\u00a0\u00bbnone\u00a0\u00bb woodmart_stretch_content=\u00a0\u00bbsection-stretch\u00a0\u00bb woodmart_bg_position=\u00a0\u00bbcenter-center\u00a0\u00bb css=\u00a0\u00bb.vc_custom_1771396564033{padding-top: 50px !important;background-image: url(https:\/\/datavera.tedmob.com\/wp-content\/uploads\/2026\/01\/Request-a-Demo-copy.webp?id=3282) !important;background-position: center !important;background-repeat: no-repeat !important;background-size: cover !important;}\u00a0\u00bb woodmart_css_id=\u00a0\u00bb69955dcc5ccf0&Prime; responsive_spacing=\u00a0\u00bbeyJwYXJhbV90eXBlIjoid29vZG1hcnRfcmVzcG9uc2l2ZV9zcGFjaW5nIiwic2VsZWN0b3JfaWQiOiI2OTk1NWRjYzVjY2YwIiwic2hvcnRjb2RlIjoidmNfcm93IiwiZGF0YSI6eyJ0YWJsZXQiOnt9LCJtb2JpbGUiOnt9fX0=\u00a0\u00bb mobile_bg_img_hidden=\u00a0\u00bbno\u00a0\u00bb tablet_bg_img_hidden=\u00a0\u00bbno\u00a0\u00bb woodmart_parallax=\u00a0\u00bb0&Prime; woodmart_gradient_switch=\u00a0\u00bbno\u00a0\u00bb woodmart_box_shadow=\u00a0\u00bbno\u00a0\u00bb wd_z_index=\u00a0\u00bbno\u00a0\u00bb woodmart_disable_overflow=\u00a0\u00bb0&Prime; row_reverse_mobile=\u00a0\u00bb0&Prime; row_reverse_tablet=\u00a0\u00bb0&Prime; min_height=\u00a0\u00bb450&Prime; el_class=\u00a0\u00bbmobile-hide\u00a0\u00bb el_id=\u00a0\u00bbDesktop\u00a0\u00bb][vc_column width=\u00a0\u00bb1\/2&Prime;]\t\t<div id=\"wd-698f081998722\" class=\"wd-text-block wd-wpb reset-last-child wd-rs-698f081998722 text-left color-scheme-light wd-font-weight-700 wd-fontsize-custom font-primary vc_custom_1770981409593 custom-title\">\n\t\t\t<p>Request a<br \/>\n<span class=\"brown\">Demo<\/span><\/p>\n\t\t<\/div>\n\t\t[\/vc_column][vc_column width=\u00a0\u00bb1\/2&Prime; offset=\u00a0\u00bbvc_hidden-xs\u00a0\u00bb woodmart_css_id=\u00a0\u00bb696655be841af\u00a0\u00bb parallax_scroll=\u00a0\u00bbno\u00a0\u00bb woodmart_sticky_column=\u00a0\u00bbfalse\u00a0\u00bb wd_collapsible_content_switcher=\u00a0\u00bbno\u00a0\u00bb wd_column_role_offcanvas_desktop=\u00a0\u00bbno\u00a0\u00bb wd_column_role_offcanvas_tablet=\u00a0\u00bbno\u00a0\u00bb wd_column_role_offcanvas_mobile=\u00a0\u00bbno\u00a0\u00bb wd_column_role_content_desktop=\u00a0\u00bbno\u00a0\u00bb wd_column_role_content_tablet=\u00a0\u00bbno\u00a0\u00bb wd_column_role_content_mobile=\u00a0\u00bbno\u00a0\u00bb mobile_bg_img_hidden=\u00a0\u00bbno\u00a0\u00bb tablet_bg_img_hidden=\u00a0\u00bbno\u00a0\u00bb woodmart_parallax=\u00a0\u00bb0&Prime; woodmart_box_shadow=\u00a0\u00bbno\u00a0\u00bb responsive_spacing=\u00a0\u00bbeyJwYXJhbV90eXBlIjoid29vZG1hcnRfcmVzcG9uc2l2ZV9zcGFjaW5nIiwic2VsZWN0b3JfaWQiOiI2OTY2NTViZTg0MWFmIiwic2hvcnRjb2RlIjoidmNfY29sdW1uIiwiZGF0YSI6eyJ0YWJsZXQiOnt9LCJtb2JpbGUiOnt9fX0=\u00a0\u00bb mobile_reset_margin=\u00a0\u00bbno\u00a0\u00bb tablet_reset_margin=\u00a0\u00bbno\u00a0\u00bb wd_z_index=\u00a0\u00bbno\u00a0\u00bb][\/vc_column][\/vc_row][vc_row content_placement=\u00a0\u00bbmiddle\u00a0\u00bb css_animation=\u00a0\u00bbfadeIn\u00a0\u00bb woodmart_stretch_content=\u00a0\u00bbsection-stretch\u00a0\u00bb woodmart_bg_position=\u00a0\u00bbcenter-center\u00a0\u00bb css=\u00a0\u00bb.vc_custom_1769765438373{padding-top: 50px !important;background-image: url(https:\/\/datavera.tedmob.com\/wp-content\/uploads\/2026\/01\/Request-a-Demo-1.webp?id=3601) !important;background-position: center !important;background-repeat: no-repeat !important;background-size: cover !important;}\u00a0\u00bb woodmart_css_id=\u00a0\u00bb697c7a378365a\u00a0\u00bb responsive_spacing=\u00a0\u00bbeyJwYXJhbV90eXBlIjoid29vZG1hcnRfcmVzcG9uc2l2ZV9zcGFjaW5nIiwic2VsZWN0b3JfaWQiOiI2OTdjN2EzNzgzNjVhIiwic2hvcnRjb2RlIjoidmNfcm93IiwiZGF0YSI6eyJ0YWJsZXQiOnt9LCJtb2JpbGUiOnt9fX0=\u00a0\u00bb mobile_bg_img_hidden=\u00a0\u00bbno\u00a0\u00bb tablet_bg_img_hidden=\u00a0\u00bbno\u00a0\u00bb woodmart_parallax=\u00a0\u00bb0&Prime; woodmart_gradient_switch=\u00a0\u00bbno\u00a0\u00bb woodmart_box_shadow=\u00a0\u00bbno\u00a0\u00bb wd_z_index=\u00a0\u00bbno\u00a0\u00bb woodmart_disable_overflow=\u00a0\u00bb0&Prime; row_reverse_mobile=\u00a0\u00bb0&Prime; row_reverse_tablet=\u00a0\u00bb0&Prime; min_height=\u00a0\u00bb500&Prime; el_class=\u00a0\u00bbmobile-show\u00a0\u00bb el_id=\u00a0\u00bbMobile\u00a0\u00bb][vc_column width=\u00a0\u00bb1\/2&Prime;]\t\t<div id=\"wd-698f0822b1046\" class=\"wd-text-block wd-wpb reset-last-child wd-rs-698f0822b1046 text-left color-scheme-light wd-font-weight-700 wd-fontsize-custom font-primary vc_custom_1770981414253 custom-title\">\n\t\t\t<p>Request a<br \/>\n<span class=\"brown\">Demo<\/span><\/p>\n\t\t<\/div>\n\t\t[\/vc_column][vc_column width=\u00a0\u00bb1\/2&Prime; offset=\u00a0\u00bbvc_hidden-xs\u00a0\u00bb woodmart_css_id=\u00a0\u00bb696655be841af\u00a0\u00bb parallax_scroll=\u00a0\u00bbno\u00a0\u00bb woodmart_sticky_column=\u00a0\u00bbfalse\u00a0\u00bb wd_collapsible_content_switcher=\u00a0\u00bbno\u00a0\u00bb wd_column_role_offcanvas_desktop=\u00a0\u00bbno\u00a0\u00bb wd_column_role_offcanvas_tablet=\u00a0\u00bbno\u00a0\u00bb wd_column_role_offcanvas_mobile=\u00a0\u00bbno\u00a0\u00bb wd_column_role_content_desktop=\u00a0\u00bbno\u00a0\u00bb wd_column_role_content_tablet=\u00a0\u00bbno\u00a0\u00bb wd_column_role_content_mobile=\u00a0\u00bbno\u00a0\u00bb mobile_bg_img_hidden=\u00a0\u00bbno\u00a0\u00bb tablet_bg_img_hidden=\u00a0\u00bbno\u00a0\u00bb woodmart_parallax=\u00a0\u00bb0&Prime; woodmart_box_shadow=\u00a0\u00bbno\u00a0\u00bb responsive_spacing=\u00a0\u00bbeyJwYXJhbV90eXBlIjoid29vZG1hcnRfcmVzcG9uc2l2ZV9zcGFjaW5nIiwic2VsZWN0b3JfaWQiOiI2OTY2NTViZTg0MWFmIiwic2hvcnRjb2RlIjoidmNfY29sdW1uIiwiZGF0YSI6eyJ0YWJsZXQiOnt9LCJtb2JpbGUiOnt9fX0=\u00a0\u00bb mobile_reset_margin=\u00a0\u00bbno\u00a0\u00bb tablet_reset_margin=\u00a0\u00bbno\u00a0\u00bb wd_z_index=\u00a0\u00bbno\u00a0\u00bb][\/vc_column][\/vc_row][vc_section woodmart_stretch_content=\u00a0\u00bbsection-stretch\u00a0\u00bb css=\u00a0\u00bb.vc_custom_1771325909652{padding-top: 50px !important;}\u00a0\u00bb woodmart_css_id=\u00a0\u00bb699449d0b4440&Prime; responsive_spacing=\u00a0\u00bbeyJwYXJhbV90eXBlIjoid29vZG1hcnRfcmVzcG9uc2l2ZV9zcGFjaW5nIiwic2VsZWN0b3JfaWQiOiI2OTk0NDlkMGI0NDQwIiwic2hvcnRjb2RlIjoidmNfc2VjdGlvbiIsImRhdGEiOnsidGFibGV0Ijp7fSwibW9iaWxlIjp7fX19&Prime; mobile_bg_img_hidden=\u00a0\u00bbno\u00a0\u00bb tablet_bg_img_hidden=\u00a0\u00bbno\u00a0\u00bb woodmart_parallax=\u00a0\u00bb0&Prime; woodmart_gradient_switch=\u00a0\u00bbno\u00a0\u00bb woodmart_box_shadow=\u00a0\u00bbno\u00a0\u00bb wd_z_index=\u00a0\u00bbno\u00a0\u00bb woodmart_disable_overflow=\u00a0\u00bb0&Prime;][vc_row content_placement=\u00a0\u00bbmiddle\u00a0\u00bb css_animation=\u00a0\u00bbnone\u00a0\u00bb woodmart_stretch_content=\u00a0\u00bbsection-stretch\u00a0\u00bb woodmart_bg_position=\u00a0\u00bbright-top\u00a0\u00bb woodmart_css_id=\u00a0\u00bb69a94c055a7c0&Prime; responsive_spacing=\u00a0\u00bbeyJwYXJhbV90eXBlIjoid29vZG1hcnRfcmVzcG9uc2l2ZV9zcGFjaW5nIiwic2VsZWN0b3JfaWQiOiI2OWE5NGMwNTVhN2MwIiwic2hvcnRjb2RlIjoidmNfcm93IiwiZGF0YSI6eyJ0YWJsZXQiOnt9LCJtb2JpbGUiOnt9fX0=\u00a0\u00bb mobile_bg_img_hidden=\u00a0\u00bbno\u00a0\u00bb tablet_bg_img_hidden=\u00a0\u00bbno\u00a0\u00bb woodmart_parallax=\u00a0\u00bb0&Prime; woodmart_gradient_switch=\u00a0\u00bbno\u00a0\u00bb woodmart_box_shadow=\u00a0\u00bbno\u00a0\u00bb wd_z_index=\u00a0\u00bbno\u00a0\u00bb woodmart_disable_overflow=\u00a0\u00bb0&Prime; row_reverse_mobile=\u00a0\u00bb0&Prime; row_reverse_tablet=\u00a0\u00bb0&Prime;][vc_column width=\u00a0\u00bb1\/6&Prime; woodmart_css_id=\u00a0\u00bb6966571520a2d\u00a0\u00bb parallax_scroll=\u00a0\u00bbno\u00a0\u00bb woodmart_sticky_column=\u00a0\u00bbfalse\u00a0\u00bb wd_collapsible_content_switcher=\u00a0\u00bbno\u00a0\u00bb wd_column_role_offcanvas_desktop=\u00a0\u00bbno\u00a0\u00bb wd_column_role_offcanvas_tablet=\u00a0\u00bbno\u00a0\u00bb wd_column_role_offcanvas_mobile=\u00a0\u00bbno\u00a0\u00bb wd_column_role_content_desktop=\u00a0\u00bbno\u00a0\u00bb wd_column_role_content_tablet=\u00a0\u00bbno\u00a0\u00bb wd_column_role_content_mobile=\u00a0\u00bbno\u00a0\u00bb mobile_bg_img_hidden=\u00a0\u00bbno\u00a0\u00bb tablet_bg_img_hidden=\u00a0\u00bbno\u00a0\u00bb woodmart_parallax=\u00a0\u00bb0&Prime; woodmart_box_shadow=\u00a0\u00bbno\u00a0\u00bb responsive_spacing=\u00a0\u00bbeyJwYXJhbV90eXBlIjoid29vZG1hcnRfcmVzcG9uc2l2ZV9zcGFjaW5nIiwic2VsZWN0b3JfaWQiOiI2OTY2NTcxNTIwYTJkIiwic2hvcnRjb2RlIjoidmNfY29sdW1uIiwiZGF0YSI6eyJ0YWJsZXQiOnt9LCJtb2JpbGUiOnt9fX0=\u00a0\u00bb mobile_reset_margin=\u00a0\u00bbno\u00a0\u00bb tablet_reset_margin=\u00a0\u00bbno\u00a0\u00bb wd_z_index=\u00a0\u00bbno\u00a0\u00bb offset=\u00a0\u00bbvc_hidden-xs\u00a0\u00bb][\/vc_column][vc_column width=\u00a0\u00bb2\/3&Prime;]\t\t<div id=\"wd-69a94b99a9ab1\" class=\"wd-text-block wd-wpb reset-last-child wd-rs-69a94b99a9ab1 text-center color-scheme-dark wd-font-weight-500 wd-fontsize-custom font-primary vc_custom_1772702654688 custom-title\">\n\t\t\t<p><span class=\"brown\"> Send us <\/span> your requirement<\/p>\n\t\t<\/div>\n\t\t\t\t<div id=\"wd-6979f30d00bb3\" class=\"wd-text-block wd-wpb reset-last-child wd-rs-6979f30d00bb3 text-center wd-fontsize-xs vc_custom_1769599760848\">\n\t\t\t<p>Reach out today and discover how our expertise can accelerate your digital journey.<\/p>\n\t\t<\/div>\n\t\t[\/vc_column][vc_column width=\u00a0\u00bb1\/6&Prime; offset=\u00a0\u00bbvc_hidden-xs\u00a0\u00bb woodmart_css_id=\u00a0\u00bb69665718c82eb\u00a0\u00bb parallax_scroll=\u00a0\u00bbno\u00a0\u00bb woodmart_sticky_column=\u00a0\u00bbfalse\u00a0\u00bb wd_collapsible_content_switcher=\u00a0\u00bbno\u00a0\u00bb wd_column_role_offcanvas_desktop=\u00a0\u00bbno\u00a0\u00bb wd_column_role_offcanvas_tablet=\u00a0\u00bbno\u00a0\u00bb wd_column_role_offcanvas_mobile=\u00a0\u00bbno\u00a0\u00bb wd_column_role_content_desktop=\u00a0\u00bbno\u00a0\u00bb wd_column_role_content_tablet=\u00a0\u00bbno\u00a0\u00bb wd_column_role_content_mobile=\u00a0\u00bbno\u00a0\u00bb mobile_bg_img_hidden=\u00a0\u00bbno\u00a0\u00bb tablet_bg_img_hidden=\u00a0\u00bbno\u00a0\u00bb woodmart_parallax=\u00a0\u00bb0&Prime; woodmart_box_shadow=\u00a0\u00bbno\u00a0\u00bb responsive_spacing=\u00a0\u00bbeyJwYXJhbV90eXBlIjoid29vZG1hcnRfcmVzcG9uc2l2ZV9zcGFjaW5nIiwic2VsZWN0b3JfaWQiOiI2OTY2NTcxOGM4MmViIiwic2hvcnRjb2RlIjoidmNfY29sdW1uIiwiZGF0YSI6eyJ0YWJsZXQiOnt9LCJtb2JpbGUiOnt9fX0=\u00a0\u00bb mobile_reset_margin=\u00a0\u00bbno\u00a0\u00bb tablet_reset_margin=\u00a0\u00bbno\u00a0\u00bb wd_z_index=\u00a0\u00bbno\u00a0\u00bb][\/vc_column][\/vc_row][vc_row content_placement=\u00a0\u00bbtop\u00a0\u00bb css_animation=\u00a0\u00bbfadeIn\u00a0\u00bb woodmart_stretch_content=\u00a0\u00bbsection-stretch\u00a0\u00bb woodmart_bg_position=\u00a0\u00bbright-top\u00a0\u00bb woodmart_css_id=\u00a0\u00bb699449d690c36&Prime; responsive_spacing=\u00a0\u00bbeyJwYXJhbV90eXBlIjoid29vZG1hcnRfcmVzcG9uc2l2ZV9zcGFjaW5nIiwic2VsZWN0b3JfaWQiOiI2OTk0NDlkNjkwYzM2Iiwic2hvcnRjb2RlIjoidmNfcm93IiwiZGF0YSI6eyJ0YWJsZXQiOnt9LCJtb2JpbGUiOnt9fX0=\u00a0\u00bb mobile_bg_img_hidden=\u00a0\u00bbno\u00a0\u00bb tablet_bg_img_hidden=\u00a0\u00bbno\u00a0\u00bb woodmart_parallax=\u00a0\u00bb0&Prime; woodmart_gradient_switch=\u00a0\u00bbno\u00a0\u00bb woodmart_box_shadow=\u00a0\u00bbno\u00a0\u00bb wd_z_index=\u00a0\u00bbno\u00a0\u00bb woodmart_disable_overflow=\u00a0\u00bb0&Prime; row_reverse_mobile=\u00a0\u00bb0&Prime; row_reverse_tablet=\u00a0\u00bb0&Prime; css=\u00a0\u00bb.vc_custom_1771325914610{padding-top: 50px !important;}\u00a0\u00bb][vc_column width=\u00a0\u00bb3\/12&Prime;][vc_raw_html css=\u00a0\u00bb.vc_custom_1769601242784{margin-bottom: 0px !important;}\u00a0\u00bb]W3Byb2R1Y3Rfc2VsZWN0b3Jd[\/vc_raw_html][\/vc_column][vc_column width=\u00a0\u00bb9\/12&Prime; woodmart_css_id=\u00a0\u00bb69945832aa6d3&Prime; parallax_scroll=\u00a0\u00bbno\u00a0\u00bb woodmart_sticky_column=\u00a0\u00bbfalse\u00a0\u00bb wd_collapsible_content_switcher=\u00a0\u00bbno\u00a0\u00bb wd_column_role_offcanvas_desktop=\u00a0\u00bbno\u00a0\u00bb wd_column_role_offcanvas_tablet=\u00a0\u00bbno\u00a0\u00bb wd_column_role_offcanvas_mobile=\u00a0\u00bbno\u00a0\u00bb wd_column_role_content_desktop=\u00a0\u00bbno\u00a0\u00bb wd_column_role_content_tablet=\u00a0\u00bbno\u00a0\u00bb wd_column_role_content_mobile=\u00a0\u00bbno\u00a0\u00bb mobile_bg_img_hidden=\u00a0\u00bbno\u00a0\u00bb tablet_bg_img_hidden=\u00a0\u00bbno\u00a0\u00bb woodmart_parallax=\u00a0\u00bb0&Prime; woodmart_box_shadow=\u00a0\u00bbno\u00a0\u00bb responsive_spacing=\u00a0\u00bbeyJwYXJhbV90eXBlIjoid29vZG1hcnRfcmVzcG9uc2l2ZV9zcGFjaW5nIiwic2VsZWN0b3JfaWQiOiI2OTk0NTgzMmFhNmQzIiwic2hvcnRjb2RlIjoidmNfY29sdW1uIiwiZGF0YSI6eyJ0YWJsZXQiOnt9LCJtb2JpbGUiOnsicGFkZGluZy10b3AiOiI1MCJ9fX0=\u00a0\u00bb mobile_reset_margin=\u00a0\u00bbno\u00a0\u00bb tablet_reset_margin=\u00a0\u00bbno\u00a0\u00bb wd_z_index=\u00a0\u00bbno\u00a0\u00bb]\t\t<div id=\"wd-6979f699d4c5c\" class=\"wd-text-block wd-wpb reset-last-child wd-rs-6979f699d4c5c text-left color-scheme-dark wd-font-weight-700 wd-fontsize-m font-primary vc_custom_1769600668266 custom-title\">\n\t\t\t<p>Contact Information<\/p>\n\t\t<\/div>\n\t\t\n<div class=\"wpcf7 no-js\" id=\"wpcf7-f7780-o1\" lang=\"fr-FR\" dir=\"ltr\" data-wpcf7-id=\"7780\">\n<div class=\"screen-reader-response\"><p role=\"status\" aria-live=\"polite\" aria-atomic=\"true\"><\/p> <ul><\/ul><\/div>\n<form action=\"\/fr\/wp-json\/wp\/v2\/pages\/7100#wpcf7-f7780-o1\" method=\"post\" class=\"wpcf7-form init\" aria-label=\"Formulaire de contact\" novalidate=\"novalidate\" data-status=\"init\">\n<fieldset class=\"hidden-fields-container\"><input type=\"hidden\" name=\"_wpcf7\" value=\"7780\" \/><input type=\"hidden\" name=\"_wpcf7_version\" value=\"6.1.5\" \/><input type=\"hidden\" name=\"_wpcf7_locale\" value=\"fr_FR\" \/><input type=\"hidden\" name=\"_wpcf7_unit_tag\" value=\"wpcf7-f7780-o1\" \/><input type=\"hidden\" name=\"_wpcf7_container_post\" value=\"0\" \/><input type=\"hidden\" name=\"_wpcf7_posted_data_hash\" value=\"\" \/>\n<\/fieldset>\n<div class=\"form-row row\">\n\t<div class=\"col-lg-6 form-group\">\n\t\t<p><label>Pr\u00e9nom *<\/label><span class=\"wpcf7-form-control-wrap\" data-name=\"first_name\"><input size=\"40\" maxlength=\"400\" class=\"wpcf7-form-control wpcf7-text wpcf7-validates-as-required\" aria-required=\"true\" aria-invalid=\"false\" placeholder=\"Jean\" value=\"\" type=\"text\" name=\"first_name\" \/><\/span>\n\t\t<\/p>\n\t<\/div>\n\t<div class=\"col-lg-6 form-group\">\n\t\t<p><label>Nom *<\/label><span class=\"wpcf7-form-control-wrap\" data-name=\"last_name\"><input size=\"40\" maxlength=\"400\" class=\"wpcf7-form-control wpcf7-text wpcf7-validates-as-required\" aria-required=\"true\" aria-invalid=\"false\" placeholder=\"Dupont\" value=\"\" type=\"text\" name=\"last_name\" \/><\/span>\n\t\t<\/p>\n\t<\/div>\n<\/div>\n<div class=\"form-row row\">\n\t<div class=\"col-lg-6 form-group\">\n\t\t<p><label>E-mail professionnel *<\/label><span class=\"wpcf7-form-control-wrap\" data-name=\"email\"><input size=\"40\" maxlength=\"400\" class=\"wpcf7-form-control wpcf7-email wpcf7-validates-as-required wpcf7-text wpcf7-validates-as-email\" aria-required=\"true\" aria-invalid=\"false\" placeholder=\"jean@entreprise.com\" value=\"\" type=\"email\" name=\"email\" \/><\/span>\n\t\t<\/p>\n\t<\/div>\n\t<div class=\"col-lg-6 form-group\">\n\t\t<p><label>Num\u00e9ro de t\u00e9l\u00e9phone *<\/label><span class=\"wpcf7-form-control-wrap\" data-name=\"mobile\"><input size=\"40\" maxlength=\"400\" class=\"wpcf7-form-control wpcf7-tel wpcf7-validates-as-required wpcf7-text wpcf7-validates-as-tel\" aria-required=\"true\" aria-invalid=\"false\" placeholder=\"+33 X XX XX XX XX\" value=\"\" type=\"tel\" name=\"mobile\" \/><\/span>\n\t\t<\/p>\n\t<\/div>\n<\/div>\n<div class=\"form-row row \">\n\t<div class=\"form-group col-lg-6\">\n\t\t<p><label>Nom de l'entreprise *<\/label><span class=\"wpcf7-form-control-wrap\" data-name=\"company_name\"><input size=\"40\" maxlength=\"400\" class=\"wpcf7-form-control wpcf7-text wpcf7-validates-as-required\" aria-required=\"true\" aria-invalid=\"false\" placeholder=\"Nom de l&#039;entreprise\" value=\"\" type=\"text\" name=\"company_name\" \/><\/span>\n\t\t<\/p>\n\t<\/div>\n\t<div class=\"form-group col-lg-6 country-select-wrapper\">\n\t\t<p><label>Choisissez un pays *<\/label><div class=\"dswcf7_country_sel\">\n\t\t\t<input id=\"\" type=\"text\" name=\"country\"  class=\"wpcf7-form-control wpcf7-country_select wpcf7-validates-as-required country_select_class\" default_country=\"\">\n        <\/div>\n\t<\/div>\n<\/div>\n<div class=\"form-full max-textarea\">\n\t<p><label>Votre message *<\/label><span class=\"wpcf7-form-control-wrap\" data-name=\"your-message\"><textarea cols=\"40\" rows=\"10\" maxlength=\"255\" class=\"wpcf7-form-control wpcf7-textarea wpcf7-validates-as-required\" aria-required=\"true\" aria-invalid=\"false\" placeholder=\"\u00c9crivez votre message\" name=\"your-message\"><\/textarea><\/span>\n\t<\/p>\n<\/div>\n<div class=\"note\">\n\t<p>En soumettant ce formulaire, vous acceptez de recevoir des e-mails et du contenu marketing de Datavera. Consultez notre <a href=\"\/fr\/privacy-cookies-policy\/\">Politique de confidentialit\u00e9 et de cookies<\/a> pour plus d'informations.\n\t<\/p>\n<\/div>\n<p><input type=\"hidden\" name=\"products\" id=\"selected-products-input\" class=\"products\" \/>\n<\/p>\n<div class=\"form-submit\">\n\t<p><button class=\"btn submit\">Envoyer maintenant<\/button>\n\t<\/p>\n<\/div><div class=\"wpcf7-response-output\" aria-hidden=\"true\"><\/div>\n<\/form>\n<\/div>\n[\/vc_column][\/vc_row][\/vc_section]<\/p>\n<\/div>","protected":false},"excerpt":{"rendered":"<p>[vc_row content_placement=\u00a0\u00bbmiddle\u00a0\u00bb css_animation=\u00a0\u00bbnone\u00a0\u00bb woodmart_stretch_content=\u00a0\u00bbsection-stretch\u00a0\u00bb woodmart_bg_position=\u00a0\u00bbcenter-center\u00a0\u00bb css=\u00a0\u00bb.vc_custom_1771396564033{padding-top: 50px !important;background-image: url(https:\/\/datavera.tedmob.com\/wp-content\/uploads\/2026\/01\/Request-a-Demo-copy.webp?id=3282) !important;background-position: center !important;background-repeat: no-repeat !important;background-size: cover !important;}\u00a0\u00bb woodmart_css_id=\u00a0\u00bb69955dcc5ccf0&Prime; responsive_spacing=\u00a0\u00bbeyJwYXJhbV90eXBlIjoid29vZG1hcnRfcmVzcG9uc2l2ZV9zcGFjaW5nIiwic2VsZWN0b3JfaWQiOiI2OTk1NWRjYzVjY2YwIiwic2hvcnRjb2RlIjoidmNfcm93IiwiZGF0YSI6eyJ0YWJsZXQiOnt9LCJtb2JpbGUiOnt9fX0=\u00a0\u00bb mobile_bg_img_hidden=\u00a0\u00bbno\u00a0\u00bb tablet_bg_img_hidden=\u00a0\u00bbno\u00a0\u00bb<\/p>\n","protected":false},"author":2,"featured_media":0,"parent":0,"menu_order":0,"comment_status":"closed","ping_status":"closed","template":"","meta":{"_acf_changed":false,"footnotes":""},"class_list":["post-7100","page","type-page","status-publish","hentry"],"acf":[],"yoast_head":"<!-- This site is optimized with the Yoast SEO plugin v27.4 - https:\/\/yoast.com\/product\/yoast-seo-wordpress\/ -->\n<title>Request a Demo - DATAVERA<\/title>\n<meta name=\"robots\" content=\"noindex, follow, max-snippet:-1, max-image-preview:large, max-video-preview:-1\" \/>\n<meta property=\"og:locale\" content=\"fr_FR\" \/>\n<meta property=\"og:type\" content=\"article\" \/>\n<meta property=\"og:title\" content=\"Request a Demo - DATAVERA\" \/>\n<meta property=\"og:description\" content=\"[vc_row content_placement=\u00a0\u00bbmiddle\u00a0\u00bb css_animation=\u00a0\u00bbnone\u00a0\u00bb woodmart_stretch_content=\u00a0\u00bbsection-stretch\u00a0\u00bb woodmart_bg_position=\u00a0\u00bbcenter-center\u00a0\u00bb css=\u00a0\u00bb.vc_custom_1771396564033{padding-top: 50px !important;background-image: url(https:\/\/datavera.tedmob.com\/wp-content\/uploads\/2026\/01\/Request-a-Demo-copy.webp?id=3282) !important;background-position: center !important;background-repeat: no-repeat !important;background-size: cover !important;}\u00a0\u00bb woodmart_css_id=\u00a0\u00bb69955dcc5ccf0&Prime; responsive_spacing=\u00a0\u00bbeyJwYXJhbV90eXBlIjoid29vZG1hcnRfcmVzcG9uc2l2ZV9zcGFjaW5nIiwic2VsZWN0b3JfaWQiOiI2OTk1NWRjYzVjY2YwIiwic2hvcnRjb2RlIjoidmNfcm93IiwiZGF0YSI6eyJ0YWJsZXQiOnt9LCJtb2JpbGUiOnt9fX0=\u00a0\u00bb mobile_bg_img_hidden=\u00a0\u00bbno\u00a0\u00bb tablet_bg_img_hidden=\u00a0\u00bbno\u00a0\u00bb\" \/>\n<meta property=\"og:url\" content=\"https:\/\/datavera.tedmob.com\/fr\/request-a-demo\/\" \/>\n<meta property=\"og:site_name\" content=\"DATAVERA\" \/>\n<meta property=\"article:modified_time\" content=\"2026-04-07T14:26:07+00:00\" \/>\n<meta name=\"twitter:card\" content=\"summary_large_image\" \/>\n<meta name=\"twitter:label1\" content=\"Dur\u00e9e de lecture estim\u00e9e\" \/>\n\t<meta name=\"twitter:data1\" content=\"10 minutes\" \/>\n<script type=\"application\/ld+json\" class=\"yoast-schema-graph\">{\"@context\":\"https:\\\/\\\/schema.org\",\"@graph\":[{\"@type\":\"WebPage\",\"@id\":\"https:\\\/\\\/datavera.tedmob.com\\\/fr\\\/request-a-demo\\\/\",\"url\":\"https:\\\/\\\/datavera.tedmob.com\\\/fr\\\/request-a-demo\\\/\",\"name\":\"Request a Demo - DATAVERA\",\"isPartOf\":{\"@id\":\"https:\\\/\\\/datavera.tedmob.com\\\/#website\"},\"datePublished\":\"2026-01-28T11:28:47+00:00\",\"dateModified\":\"2026-04-07T14:26:07+00:00\",\"breadcrumb\":{\"@id\":\"https:\\\/\\\/datavera.tedmob.com\\\/fr\\\/request-a-demo\\\/#breadcrumb\"},\"inLanguage\":\"fr-FR\",\"potentialAction\":[{\"@type\":\"ReadAction\",\"target\":[\"https:\\\/\\\/datavera.tedmob.com\\\/fr\\\/request-a-demo\\\/\"]}]},{\"@type\":\"BreadcrumbList\",\"@id\":\"https:\\\/\\\/datavera.tedmob.com\\\/fr\\\/request-a-demo\\\/#breadcrumb\",\"itemListElement\":[{\"@type\":\"ListItem\",\"position\":1,\"name\":\"Home\",\"item\":\"https:\\\/\\\/datavera.tedmob.com\\\/fr\\\/home\\\/\"},{\"@type\":\"ListItem\",\"position\":2,\"name\":\"Request a Demo\"}]},{\"@type\":\"WebSite\",\"@id\":\"https:\\\/\\\/datavera.tedmob.com\\\/#website\",\"url\":\"https:\\\/\\\/datavera.tedmob.com\\\/\",\"name\":\"DATAVERA\",\"description\":\"Website\",\"potentialAction\":[{\"@type\":\"SearchAction\",\"target\":{\"@type\":\"EntryPoint\",\"urlTemplate\":\"https:\\\/\\\/datavera.tedmob.com\\\/?s={search_term_string}\"},\"query-input\":{\"@type\":\"PropertyValueSpecification\",\"valueRequired\":true,\"valueName\":\"search_term_string\"}}],\"inLanguage\":\"fr-FR\"}]}<\/script>\n<!-- \/ Yoast SEO plugin. -->","yoast_head_json":{"title":"Request a Demo - DATAVERA","robots":{"index":"noindex","follow":"follow","max-snippet":"max-snippet:-1","max-image-preview":"max-image-preview:large","max-video-preview":"max-video-preview:-1"},"og_locale":"fr_FR","og_type":"article","og_title":"Request a Demo - DATAVERA","og_description":"[vc_row content_placement=\u00a0\u00bbmiddle\u00a0\u00bb css_animation=\u00a0\u00bbnone\u00a0\u00bb woodmart_stretch_content=\u00a0\u00bbsection-stretch\u00a0\u00bb woodmart_bg_position=\u00a0\u00bbcenter-center\u00a0\u00bb css=\u00a0\u00bb.vc_custom_1771396564033{padding-top: 50px !important;background-image: url(https:\/\/datavera.tedmob.com\/wp-content\/uploads\/2026\/01\/Request-a-Demo-copy.webp?id=3282) !important;background-position: center !important;background-repeat: no-repeat !important;background-size: cover !important;}\u00a0\u00bb woodmart_css_id=\u00a0\u00bb69955dcc5ccf0&Prime; responsive_spacing=\u00a0\u00bbeyJwYXJhbV90eXBlIjoid29vZG1hcnRfcmVzcG9uc2l2ZV9zcGFjaW5nIiwic2VsZWN0b3JfaWQiOiI2OTk1NWRjYzVjY2YwIiwic2hvcnRjb2RlIjoidmNfcm93IiwiZGF0YSI6eyJ0YWJsZXQiOnt9LCJtb2JpbGUiOnt9fX0=\u00a0\u00bb mobile_bg_img_hidden=\u00a0\u00bbno\u00a0\u00bb tablet_bg_img_hidden=\u00a0\u00bbno\u00a0\u00bb","og_url":"https:\/\/datavera.tedmob.com\/fr\/request-a-demo\/","og_site_name":"DATAVERA","article_modified_time":"2026-04-07T14:26:07+00:00","twitter_card":"summary_large_image","twitter_misc":{"Dur\u00e9e de lecture estim\u00e9e":"10 minutes"},"schema":{"@context":"https:\/\/schema.org","@graph":[{"@type":"WebPage","@id":"https:\/\/datavera.tedmob.com\/fr\/request-a-demo\/","url":"https:\/\/datavera.tedmob.com\/fr\/request-a-demo\/","name":"Request a Demo - DATAVERA","isPartOf":{"@id":"https:\/\/datavera.tedmob.com\/#website"},"datePublished":"2026-01-28T11:28:47+00:00","dateModified":"2026-04-07T14:26:07+00:00","breadcrumb":{"@id":"https:\/\/datavera.tedmob.com\/fr\/request-a-demo\/#breadcrumb"},"inLanguage":"fr-FR","potentialAction":[{"@type":"ReadAction","target":["https:\/\/datavera.tedmob.com\/fr\/request-a-demo\/"]}]},{"@type":"BreadcrumbList","@id":"https:\/\/datavera.tedmob.com\/fr\/request-a-demo\/#breadcrumb","itemListElement":[{"@type":"ListItem","position":1,"name":"Home","item":"https:\/\/datavera.tedmob.com\/fr\/home\/"},{"@type":"ListItem","position":2,"name":"Request a Demo"}]},{"@type":"WebSite","@id":"https:\/\/datavera.tedmob.com\/#website","url":"https:\/\/datavera.tedmob.com\/","name":"DATAVERA","description":"Website","potentialAction":[{"@type":"SearchAction","target":{"@type":"EntryPoint","urlTemplate":"https:\/\/datavera.tedmob.com\/?s={search_term_string}"},"query-input":{"@type":"PropertyValueSpecification","valueRequired":true,"valueName":"search_term_string"}}],"inLanguage":"fr-FR"}]}},"_links":{"self":[{"href":"https:\/\/datavera.tedmob.com\/fr\/wp-json\/wp\/v2\/pages\/7100","targetHints":{"allow":["GET"]}}],"collection":[{"href":"https:\/\/datavera.tedmob.com\/fr\/wp-json\/wp\/v2\/pages"}],"about":[{"href":"https:\/\/datavera.tedmob.com\/fr\/wp-json\/wp\/v2\/types\/page"}],"author":[{"embeddable":true,"href":"https:\/\/datavera.tedmob.com\/fr\/wp-json\/wp\/v2\/users\/2"}],"replies":[{"embeddable":true,"href":"https:\/\/datavera.tedmob.com\/fr\/wp-json\/wp\/v2\/comments?post=7100"}],"version-history":[{"count":3,"href":"https:\/\/datavera.tedmob.com\/fr\/wp-json\/wp\/v2\/pages\/7100\/revisions"}],"predecessor-version":[{"id":7799,"href":"https:\/\/datavera.tedmob.com\/fr\/wp-json\/wp\/v2\/pages\/7100\/revisions\/7799"}],"wp:attachment":[{"href":"https:\/\/datavera.tedmob.com\/fr\/wp-json\/wp\/v2\/media?parent=7100"}],"curies":[{"name":"wp","href":"https:\/\/api.w.org\/{rel}","templated":true}]}}